{"id":20931,"date":"2019-06-12T12:02:25","date_gmt":"2019-06-12T12:02:25","guid":{"rendered":"https:\/\/swift-fiber.com\/sample-page\/"},"modified":"2026-05-15T12:12:32","modified_gmt":"2026-05-15T12:12:32","slug":"sample-page","status":"publish","type":"page","link":"https:\/\/swift-fiber.com\/fr\/sample-page\/","title":{"rendered":"\u00c0 propos de nous"},"content":{"rendered":"\n<p><em><strong>SWIFT Fiber&nbsp; &#8211; Smart with Industrial Fiber Technology<\/strong><\/em><\/p>\n\n\n\n<p><br>Chez SWIFT Fiber, nous nous concentrons sur l\u2019ensemble du spectre des fibres industrielles \u2013 de l\u2019aramide au Zylon\u00ae et du polyester au PTFE. Des fils \u00e0 haute r\u00e9sistance, \u00e0 faible allongement, des fibres qui flottent sur l\u2019eau, r\u00e9sistent aux temp\u00e9ratures \u00e9lev\u00e9es et aux produits chimiques. Des fibres qui continuent de fonctionner dans l\u2019eau de mer ou dans les eaux us\u00e9es industrielles. Des fibres qui conduisent la chaleur ou l\u2019\u00e9lectricit\u00e9, r\u00e9sistent aux impacts ou pr\u00e9sentent un fluage quasi nul. Consultez <a href=\"https:\/\/swift-fiber.com\/wp-content\/uploads\/2020\/07\/Swift-Fiber_Technical-Yarn-table_v4.pdf\" type=\"link\" id=\"https:\/\/swift-fiber.com\/wp-content\/uploads\/2020\/07\/Swift-Fiber_Technical-Yarn-table_v4.pdf\">notre tableau des fils techniques <\/a>[lien] pour plus de d\u00e9tails sur les propri\u00e9t\u00e9s des diff\u00e9rentes fibres. Chaque application n\u00e9cessite une fibre sp\u00e9cifique \u2013 SWIFT Fiber les adapte \u00e0 vos besoins.<\/p>\n\n\n\n<p><br><em><strong>Connaissances<\/strong><\/em><\/p>\n\n\n\n<p>Pour survivre sur le march\u00e9 actuel, il est essentiel d\u2019agir plus rapidement et plus intelligemment que vos concurrents. Par exemple, on trouve beaucoup d\u2019informations sur Internet, mais celles-ci doivent \u00eatre analys\u00e9es avant d\u2019\u00eatre transform\u00e9es en connaissances. Tout repose sur le savoir-faire : savoir o\u00f9 trouver la fibre poss\u00e9dant exactement les bonnes propri\u00e9t\u00e9s. SWIFT Fiber a particip\u00e9 \u00e0 de nombreux projets de d\u00e9veloppement au cours des deux derni\u00e8res d\u00e9cennies afin d\u2019acqu\u00e9rir cette exp\u00e9rience. L\u2019exp\u00e9rience est la pierre angulaire sur laquelle SWIFT Fiber est b\u00e2tie, et nous n\u2019h\u00e9sitons pas \u00e0 partager notre savoir. Mettez-nous au d\u00e9fi.<\/p>\n\n\n\n<figure class=\"wp-block-gallery has-nested-images columns-default is-cropped wp-block-gallery-1 is-layout-flex wp-block-gallery-is-layout-flex\">\n<figure class=\"wp-block-image\"><img loading=\"lazy\" decoding=\"async\" width=\"684\" height=\"1024\" data-id=\"784\" src=\"https:\/\/swift-fiber.com\/wp-content\/uploads\/2020\/06\/MDF_7046-684x1024.jpg\" alt=\"\" class=\"wp-image-784\" srcset=\"https:\/\/swift-fiber.com\/wp-content\/uploads\/2020\/06\/MDF_7046-684x1024.jpg 684w, https:\/\/swift-fiber.com\/wp-content\/uploads\/2020\/06\/MDF_7046-200x300.jpg 200w, https:\/\/swift-fiber.com\/wp-content\/uploads\/2020\/06\/MDF_7046-768x1150.jpg 768w\" sizes=\"auto, (max-width: 684px) 100vw, 684px\" \/><\/figure>\n\n\n\n<figure class=\"wp-block-image\"><img loading=\"lazy\" decoding=\"async\" width=\"684\" height=\"1024\" data-id=\"787\" src=\"https:\/\/swift-fiber.com\/wp-content\/uploads\/2020\/06\/MDF_7021-684x1024.jpg\" alt=\"\" class=\"wp-image-787\" srcset=\"https:\/\/swift-fiber.com\/wp-content\/uploads\/2020\/06\/MDF_7021-684x1024.jpg 684w, https:\/\/swift-fiber.com\/wp-content\/uploads\/2020\/06\/MDF_7021-200x300.jpg 200w, https:\/\/swift-fiber.com\/wp-content\/uploads\/2020\/06\/MDF_7021-768x1150.jpg 768w\" sizes=\"auto, (max-width: 684px) 100vw, 684px\" \/><\/figure>\n\n\n\n<figure class=\"wp-block-image\"><img loading=\"lazy\" decoding=\"async\" width=\"684\" height=\"1024\" data-id=\"786\" src=\"https:\/\/swift-fiber.com\/wp-content\/uploads\/2020\/06\/MDF_7114-684x1024.jpg\" alt=\"\" class=\"wp-image-786\" srcset=\"https:\/\/swift-fiber.com\/wp-content\/uploads\/2020\/06\/MDF_7114-684x1024.jpg 684w, https:\/\/swift-fiber.com\/wp-content\/uploads\/2020\/06\/MDF_7114-200x300.jpg 200w, https:\/\/swift-fiber.com\/wp-content\/uploads\/2020\/06\/MDF_7114-768x1150.jpg 768w\" sizes=\"auto, (max-width: 684px) 100vw, 684px\" \/><\/figure>\n<\/figure>\n\n\n\n<p><br><em><strong>Vos d\u00e9fis<\/strong><\/em><\/p>\n\n\n\n<p>Le secteur des fibres industrielles est dynamique et apporte des solutions \u00e0 de nombreux d\u00e9fis actuels. De la r\u00e9duction des \u00e9missions de CO\u2082 gr\u00e2ce \u00e0 l\u2019all\u00e8gement des composites avec des mat\u00e9riaux plus rigides et plus l\u00e9gers, \u00e0 l\u2019am\u00e9lioration de la s\u00e9curit\u00e9 des travailleurs gr\u00e2ce \u00e0 des v\u00eatements plus r\u00e9sistants \u00e0 la chaleur et au feu ou \u00e0 une meilleure protection contre les coupures gr\u00e2ce \u00e0 des fils plus robustes. R\u00e9duire le diam\u00e8tre des c\u00e2bles et diminuer la quantit\u00e9 de plastique n\u00e9cessaire pour leur gaine en miniaturisant les \u00e9l\u00e9ments de renfort. Ce ne sont que quelques exemples pour relever les d\u00e9fis de nos clients. Quel est votre d\u00e9fi ?<\/p>\n\n\n\n<p><br><em><strong>La m\u00e9thode SWIFT<\/strong><\/em><\/p>\n\n\n\n<p>Connaissances, produits, service \u2013 le tout dans un esprit SWIFT, avec une approche conviviale \u2013 telle est la valeur ajout\u00e9e de SWIFT Fiber. Nous aimons offrir un service avec des r\u00e9ponses rapides aux questions, demandes et commandes. De la distribution et de la gestion des stocks \u00e0 la fourniture de valeur ajout\u00e9e avec nos fibres et fils. Fonctionnalis\u00e9s gr\u00e2ce \u00e0 des proc\u00e9d\u00e9s et des rev\u00eatements, livr\u00e9s dans un conditionnement qui s\u2019int\u00e8gre aussi facilement que possible dans votre processus \u2013 voil\u00e0 aussi la m\u00e9thode SWIFT. R\u00e9duisez les manipulations et travaillez plus intelligemment que vos concurrents. Du simple \u00e9chantillon \u00e0 la production \u00e0 grande \u00e9chelle, SWIFT Fiber est \u00e0 vos c\u00f4t\u00e9s pour accompagner vos d\u00e9veloppements.<\/p>\n","protected":false},"excerpt":{"rendered":"<p>SWIFT Fiber&nbsp; &#8211; Smart with Industrial Fiber Technology Chez SWIFT Fiber, nous nous concentrons sur l\u2019ensemble du spectre des fibres industrielles \u2013 de l\u2019aramide au Zylon\u00ae et du polyester au PTFE. Des fils \u00e0 haute r\u00e9sistance, \u00e0 faible allongement, des fibres qui flottent sur l\u2019eau, r\u00e9sistent aux temp\u00e9ratures \u00e9lev\u00e9es et aux produits chimiques. Des fibres [&hellip;]<\/p>\n","protected":false},"author":3,"featured_media":0,"parent":0,"menu_order":0,"comment_status":"closed","ping_status":"open","template":"","meta":{"_acf_changed":false,"footnotes":""},"class_list":["post-20931","page","type-page","status-publish","hentry"],"acf":[],"yoast_head":"<!-- This site is optimized with the Yoast SEO plugin v27.4 - https:\/\/yoast.com\/product\/yoast-seo-wordpress\/ -->\n<title>\u00c0 propos de nous - Swift Fiber<\/title>\n<meta name=\"robots\" content=\"index, follow, max-snippet:-1, max-image-preview:large, max-video-preview:-1\" \/>\n<link rel=\"canonical\" href=\"https:\/\/swift-fiber.com\/fr\/sample-page\/\" \/>\n<meta property=\"og:locale\" content=\"fr_FR\" \/>\n<meta property=\"og:type\" content=\"article\" \/>\n<meta property=\"og:title\" content=\"\u00c0 propos de nous - Swift Fiber\" \/>\n<meta property=\"og:description\" content=\"SWIFT Fiber&nbsp; &#8211; Smart with Industrial Fiber Technology Chez SWIFT Fiber, nous nous concentrons sur l\u2019ensemble du spectre des fibres industrielles \u2013 de l\u2019aramide au Zylon\u00ae et du polyester au PTFE. Des fils \u00e0 haute r\u00e9sistance, \u00e0 faible allongement, des fibres qui flottent sur l\u2019eau, r\u00e9sistent aux temp\u00e9ratures \u00e9lev\u00e9es et aux produits chimiques. Des fibres [&hellip;]\" \/>\n<meta property=\"og:url\" content=\"https:\/\/swift-fiber.com\/fr\/sample-page\/\" \/>\n<meta property=\"og:site_name\" content=\"Swift Fiber\" \/>\n<meta property=\"article:modified_time\" content=\"2026-05-15T12:12:32+00:00\" \/>\n<meta property=\"og:image\" content=\"https:\/\/swift-fiber.com\/wp-content\/uploads\/2020\/06\/MDF_7046.jpg\" \/>\n\t<meta property=\"og:image:width\" content=\"4016\" \/>\n\t<meta property=\"og:image:height\" content=\"6016\" \/>\n\t<meta property=\"og:image:type\" content=\"image\/jpeg\" \/>\n<meta name=\"twitter:card\" content=\"summary_large_image\" \/>\n<meta name=\"twitter:label1\" content=\"Dur\u00e9e de lecture estim\u00e9e\" \/>\n\t<meta name=\"twitter:data1\" content=\"3 minutes\" \/>\n<script type=\"application\/ld+json\" class=\"yoast-schema-graph\">{\"@context\":\"https:\\\/\\\/schema.org\",\"@graph\":[{\"@type\":\"WebPage\",\"@id\":\"https:\\\/\\\/swift-fiber.com\\\/fr\\\/sample-page\\\/\",\"url\":\"https:\\\/\\\/swift-fiber.com\\\/fr\\\/sample-page\\\/\",\"name\":\"\u00c0 propos de nous - Swift Fiber\",\"isPartOf\":{\"@id\":\"https:\\\/\\\/swift-fiber.com\\\/fr\\\/#website\"},\"primaryImageOfPage\":{\"@id\":\"https:\\\/\\\/swift-fiber.com\\\/fr\\\/sample-page\\\/#primaryimage\"},\"image\":{\"@id\":\"https:\\\/\\\/swift-fiber.com\\\/fr\\\/sample-page\\\/#primaryimage\"},\"thumbnailUrl\":\"https:\\\/\\\/swift-fiber.com\\\/wp-content\\\/uploads\\\/2020\\\/06\\\/MDF_7046-684x1024.jpg\",\"datePublished\":\"2019-06-12T12:02:25+00:00\",\"dateModified\":\"2026-05-15T12:12:32+00:00\",\"breadcrumb\":{\"@id\":\"https:\\\/\\\/swift-fiber.com\\\/fr\\\/sample-page\\\/#breadcrumb\"},\"inLanguage\":\"fr-FR\",\"potentialAction\":[{\"@type\":\"ReadAction\",\"target\":[\"https:\\\/\\\/swift-fiber.com\\\/fr\\\/sample-page\\\/\"]}]},{\"@type\":\"ImageObject\",\"inLanguage\":\"fr-FR\",\"@id\":\"https:\\\/\\\/swift-fiber.com\\\/fr\\\/sample-page\\\/#primaryimage\",\"url\":\"https:\\\/\\\/swift-fiber.com\\\/wp-content\\\/uploads\\\/2020\\\/06\\\/MDF_7046-684x1024.jpg\",\"contentUrl\":\"https:\\\/\\\/swift-fiber.com\\\/wp-content\\\/uploads\\\/2020\\\/06\\\/MDF_7046-684x1024.jpg\"},{\"@type\":\"BreadcrumbList\",\"@id\":\"https:\\\/\\\/swift-fiber.com\\\/fr\\\/sample-page\\\/#breadcrumb\",\"itemListElement\":[{\"@type\":\"ListItem\",\"position\":1,\"name\":\"Home\",\"item\":\"https:\\\/\\\/swift-fiber.com\\\/fr\\\/\"},{\"@type\":\"ListItem\",\"position\":2,\"name\":\"\u00c0 propos de nous\"}]},{\"@type\":\"WebSite\",\"@id\":\"https:\\\/\\\/swift-fiber.com\\\/fr\\\/#website\",\"url\":\"https:\\\/\\\/swift-fiber.com\\\/fr\\\/\",\"name\":\"Swift Fiber\",\"description\":\"Smart With Industrial Fiber Technology\",\"potentialAction\":[{\"@type\":\"SearchAction\",\"target\":{\"@type\":\"EntryPoint\",\"urlTemplate\":\"https:\\\/\\\/swift-fiber.com\\\/fr\\\/?s={search_term_string}\"},\"query-input\":{\"@type\":\"PropertyValueSpecification\",\"valueRequired\":true,\"valueName\":\"search_term_string\"}}],\"inLanguage\":\"fr-FR\"}]}<\/script>\n<!-- \/ Yoast SEO plugin. -->","yoast_head_json":{"title":"\u00c0 propos de nous - Swift Fiber","robots":{"index":"index","follow":"follow","max-snippet":"max-snippet:-1","max-image-preview":"max-image-preview:large","max-video-preview":"max-video-preview:-1"},"canonical":"https:\/\/swift-fiber.com\/fr\/sample-page\/","og_locale":"fr_FR","og_type":"article","og_title":"\u00c0 propos de nous - Swift Fiber","og_description":"SWIFT Fiber&nbsp; &#8211; Smart with Industrial Fiber Technology Chez SWIFT Fiber, nous nous concentrons sur l\u2019ensemble du spectre des fibres industrielles \u2013 de l\u2019aramide au Zylon\u00ae et du polyester au PTFE. Des fils \u00e0 haute r\u00e9sistance, \u00e0 faible allongement, des fibres qui flottent sur l\u2019eau, r\u00e9sistent aux temp\u00e9ratures \u00e9lev\u00e9es et aux produits chimiques. Des fibres [&hellip;]","og_url":"https:\/\/swift-fiber.com\/fr\/sample-page\/","og_site_name":"Swift Fiber","article_modified_time":"2026-05-15T12:12:32+00:00","og_image":[{"width":4016,"height":6016,"url":"https:\/\/swift-fiber.com\/wp-content\/uploads\/2020\/06\/MDF_7046.jpg","type":"image\/jpeg"}],"twitter_card":"summary_large_image","twitter_misc":{"Dur\u00e9e de lecture estim\u00e9e":"3 minutes"},"schema":{"@context":"https:\/\/schema.org","@graph":[{"@type":"WebPage","@id":"https:\/\/swift-fiber.com\/fr\/sample-page\/","url":"https:\/\/swift-fiber.com\/fr\/sample-page\/","name":"\u00c0 propos de nous - Swift Fiber","isPartOf":{"@id":"https:\/\/swift-fiber.com\/fr\/#website"},"primaryImageOfPage":{"@id":"https:\/\/swift-fiber.com\/fr\/sample-page\/#primaryimage"},"image":{"@id":"https:\/\/swift-fiber.com\/fr\/sample-page\/#primaryimage"},"thumbnailUrl":"https:\/\/swift-fiber.com\/wp-content\/uploads\/2020\/06\/MDF_7046-684x1024.jpg","datePublished":"2019-06-12T12:02:25+00:00","dateModified":"2026-05-15T12:12:32+00:00","breadcrumb":{"@id":"https:\/\/swift-fiber.com\/fr\/sample-page\/#breadcrumb"},"inLanguage":"fr-FR","potentialAction":[{"@type":"ReadAction","target":["https:\/\/swift-fiber.com\/fr\/sample-page\/"]}]},{"@type":"ImageObject","inLanguage":"fr-FR","@id":"https:\/\/swift-fiber.com\/fr\/sample-page\/#primaryimage","url":"https:\/\/swift-fiber.com\/wp-content\/uploads\/2020\/06\/MDF_7046-684x1024.jpg","contentUrl":"https:\/\/swift-fiber.com\/wp-content\/uploads\/2020\/06\/MDF_7046-684x1024.jpg"},{"@type":"BreadcrumbList","@id":"https:\/\/swift-fiber.com\/fr\/sample-page\/#breadcrumb","itemListElement":[{"@type":"ListItem","position":1,"name":"Home","item":"https:\/\/swift-fiber.com\/fr\/"},{"@type":"ListItem","position":2,"name":"\u00c0 propos de nous"}]},{"@type":"WebSite","@id":"https:\/\/swift-fiber.com\/fr\/#website","url":"https:\/\/swift-fiber.com\/fr\/","name":"Swift Fiber","description":"Smart With Industrial Fiber Technology","potentialAction":[{"@type":"SearchAction","target":{"@type":"EntryPoint","urlTemplate":"https:\/\/swift-fiber.com\/fr\/?s={search_term_string}"},"query-input":{"@type":"PropertyValueSpecification","valueRequired":true,"valueName":"search_term_string"}}],"inLanguage":"fr-FR"}]}},"_links":{"self":[{"href":"https:\/\/swift-fiber.com\/fr\/wp-json\/wp\/v2\/pages\/20931","targetHints":{"allow":["GET"]}}],"collection":[{"href":"https:\/\/swift-fiber.com\/fr\/wp-json\/wp\/v2\/pages"}],"about":[{"href":"https:\/\/swift-fiber.com\/fr\/wp-json\/wp\/v2\/types\/page"}],"author":[{"embeddable":true,"href":"https:\/\/swift-fiber.com\/fr\/wp-json\/wp\/v2\/users\/3"}],"replies":[{"embeddable":true,"href":"https:\/\/swift-fiber.com\/fr\/wp-json\/wp\/v2\/comments?post=20931"}],"version-history":[{"count":1,"href":"https:\/\/swift-fiber.com\/fr\/wp-json\/wp\/v2\/pages\/20931\/revisions"}],"predecessor-version":[{"id":20933,"href":"https:\/\/swift-fiber.com\/fr\/wp-json\/wp\/v2\/pages\/20931\/revisions\/20933"}],"wp:attachment":[{"href":"https:\/\/swift-fiber.com\/fr\/wp-json\/wp\/v2\/media?parent=20931"}],"curies":[{"name":"wp","href":"https:\/\/api.w.org\/{rel}","templated":true}]}}