{"id":20929,"date":"2019-12-15T14:01:58","date_gmt":"2019-12-15T14:01:58","guid":{"rendered":"https:\/\/swift-fiber.com\/colophon\/"},"modified":"2026-05-15T12:04:12","modified_gmt":"2026-05-15T12:04:12","slug":"colophon","status":"publish","type":"page","link":"https:\/\/swift-fiber.com\/fr\/colophon\/","title":{"rendered":"Colophon"},"content":{"rendered":"\n<p><br>Les informations pr\u00e9sentes sur ce site, y compris les textes et les images, sont prot\u00e9g\u00e9es par le droit d\u2019auteur de SWIFT Fiber. Aucun droit ne peut \u00eatre tir\u00e9 des informations figurant sur ce site web.<\/p>\n\n\n\n<p><strong>R\u00e9alisation du site web\u00a0<\/strong><br><g class=\"gr_ gr_27 gr-alert gr_spell gr_inline_cards gr_disable_anim_appear ContextualSpelling ins-del multiReplace\" id=\"27\" data-gr-id=\"27\"><a aria-label=\"Compion (opens in a new tab)\" href=\"https:\/\/compion.nl\" target=\"_blank\" rel=\"noreferrer noopener\">Compion<\/a><\/g>, Leeuwarden<\/p>\n\n\n\n<p><strong>R\u00e9daction<\/strong><br>Swift Fiber<br>E-mail\u00a0<a href=\"mailto:info@swift-fiber.com\">info@swift-fiber.com<\/a><br>T\u00e9l\u00e9phone <a href=\"tel:+31850653112\">+31 850 653 112<\/a><\/p>\n","protected":false},"excerpt":{"rendered":"<p>Les informations pr\u00e9sentes sur ce site, y compris les textes et les images, sont prot\u00e9g\u00e9es par le droit d\u2019auteur de SWIFT Fiber. Aucun droit ne peut \u00eatre tir\u00e9 des informations figurant sur ce site web. R\u00e9alisation du site web\u00a0Compion, Leeuwarden R\u00e9dactionSwift FiberE-mail\u00a0info@swift-fiber.comT\u00e9l\u00e9phone +31 850 653 112<\/p>\n","protected":false},"author":2,"featured_media":0,"parent":0,"menu_order":0,"comment_status":"closed","ping_status":"closed","template":"","meta":{"_acf_changed":false,"footnotes":""},"class_list":["post-20929","page","type-page","status-publish","hentry"],"acf":[],"yoast_head":"<!-- This site is optimized with the Yoast SEO plugin v27.4 - https:\/\/yoast.com\/product\/yoast-seo-wordpress\/ -->\n<title>Colophon - Swift Fiber<\/title>\n<meta name=\"robots\" content=\"index, follow, max-snippet:-1, max-image-preview:large, max-video-preview:-1\" \/>\n<link rel=\"canonical\" href=\"https:\/\/swift-fiber.com\/fr\/colophon\/\" \/>\n<meta property=\"og:locale\" content=\"fr_FR\" \/>\n<meta property=\"og:type\" content=\"article\" \/>\n<meta property=\"og:title\" content=\"Colophon - Swift Fiber\" \/>\n<meta property=\"og:description\" content=\"Les informations pr\u00e9sentes sur ce site, y compris les textes et les images, sont prot\u00e9g\u00e9es par le droit d\u2019auteur de SWIFT Fiber. Aucun droit ne peut \u00eatre tir\u00e9 des informations figurant sur ce site web. R\u00e9alisation du site web\u00a0Compion, Leeuwarden R\u00e9dactionSwift FiberE-mail\u00a0info@swift-fiber.comT\u00e9l\u00e9phone +31 850 653 112\" \/>\n<meta property=\"og:url\" content=\"https:\/\/swift-fiber.com\/fr\/colophon\/\" \/>\n<meta property=\"og:site_name\" content=\"Swift Fiber\" \/>\n<meta property=\"article:modified_time\" content=\"2026-05-15T12:04:12+00:00\" \/>\n<meta name=\"twitter:card\" content=\"summary_large_image\" \/>\n<meta name=\"twitter:label1\" content=\"Dur\u00e9e de lecture estim\u00e9e\" \/>\n\t<meta name=\"twitter:data1\" content=\"1 minute\" \/>\n<script type=\"application\/ld+json\" class=\"yoast-schema-graph\">{\"@context\":\"https:\\\/\\\/schema.org\",\"@graph\":[{\"@type\":\"WebPage\",\"@id\":\"https:\\\/\\\/swift-fiber.com\\\/fr\\\/colophon\\\/\",\"url\":\"https:\\\/\\\/swift-fiber.com\\\/fr\\\/colophon\\\/\",\"name\":\"Colophon - Swift Fiber\",\"isPartOf\":{\"@id\":\"https:\\\/\\\/swift-fiber.com\\\/fr\\\/#website\"},\"datePublished\":\"2019-12-15T14:01:58+00:00\",\"dateModified\":\"2026-05-15T12:04:12+00:00\",\"breadcrumb\":{\"@id\":\"https:\\\/\\\/swift-fiber.com\\\/fr\\\/colophon\\\/#breadcrumb\"},\"inLanguage\":\"fr-FR\",\"potentialAction\":[{\"@type\":\"ReadAction\",\"target\":[\"https:\\\/\\\/swift-fiber.com\\\/fr\\\/colophon\\\/\"]}]},{\"@type\":\"BreadcrumbList\",\"@id\":\"https:\\\/\\\/swift-fiber.com\\\/fr\\\/colophon\\\/#breadcrumb\",\"itemListElement\":[{\"@type\":\"ListItem\",\"position\":1,\"name\":\"Home\",\"item\":\"https:\\\/\\\/swift-fiber.com\\\/fr\\\/\"},{\"@type\":\"ListItem\",\"position\":2,\"name\":\"Colophon\"}]},{\"@type\":\"WebSite\",\"@id\":\"https:\\\/\\\/swift-fiber.com\\\/fr\\\/#website\",\"url\":\"https:\\\/\\\/swift-fiber.com\\\/fr\\\/\",\"name\":\"Swift Fiber\",\"description\":\"Smart With Industrial Fiber Technology\",\"potentialAction\":[{\"@type\":\"SearchAction\",\"target\":{\"@type\":\"EntryPoint\",\"urlTemplate\":\"https:\\\/\\\/swift-fiber.com\\\/fr\\\/?s={search_term_string}\"},\"query-input\":{\"@type\":\"PropertyValueSpecification\",\"valueRequired\":true,\"valueName\":\"search_term_string\"}}],\"inLanguage\":\"fr-FR\"}]}<\/script>\n<!-- \/ Yoast SEO plugin. -->","yoast_head_json":{"title":"Colophon - Swift Fiber","robots":{"index":"index","follow":"follow","max-snippet":"max-snippet:-1","max-image-preview":"max-image-preview:large","max-video-preview":"max-video-preview:-1"},"canonical":"https:\/\/swift-fiber.com\/fr\/colophon\/","og_locale":"fr_FR","og_type":"article","og_title":"Colophon - Swift Fiber","og_description":"Les informations pr\u00e9sentes sur ce site, y compris les textes et les images, sont prot\u00e9g\u00e9es par le droit d\u2019auteur de SWIFT Fiber. Aucun droit ne peut \u00eatre tir\u00e9 des informations figurant sur ce site web. R\u00e9alisation du site web\u00a0Compion, Leeuwarden R\u00e9dactionSwift FiberE-mail\u00a0info@swift-fiber.comT\u00e9l\u00e9phone +31 850 653 112","og_url":"https:\/\/swift-fiber.com\/fr\/colophon\/","og_site_name":"Swift Fiber","article_modified_time":"2026-05-15T12:04:12+00:00","twitter_card":"summary_large_image","twitter_misc":{"Dur\u00e9e de lecture estim\u00e9e":"1 minute"},"schema":{"@context":"https:\/\/schema.org","@graph":[{"@type":"WebPage","@id":"https:\/\/swift-fiber.com\/fr\/colophon\/","url":"https:\/\/swift-fiber.com\/fr\/colophon\/","name":"Colophon - Swift Fiber","isPartOf":{"@id":"https:\/\/swift-fiber.com\/fr\/#website"},"datePublished":"2019-12-15T14:01:58+00:00","dateModified":"2026-05-15T12:04:12+00:00","breadcrumb":{"@id":"https:\/\/swift-fiber.com\/fr\/colophon\/#breadcrumb"},"inLanguage":"fr-FR","potentialAction":[{"@type":"ReadAction","target":["https:\/\/swift-fiber.com\/fr\/colophon\/"]}]},{"@type":"BreadcrumbList","@id":"https:\/\/swift-fiber.com\/fr\/colophon\/#breadcrumb","itemListElement":[{"@type":"ListItem","position":1,"name":"Home","item":"https:\/\/swift-fiber.com\/fr\/"},{"@type":"ListItem","position":2,"name":"Colophon"}]},{"@type":"WebSite","@id":"https:\/\/swift-fiber.com\/fr\/#website","url":"https:\/\/swift-fiber.com\/fr\/","name":"Swift Fiber","description":"Smart With Industrial Fiber Technology","potentialAction":[{"@type":"SearchAction","target":{"@type":"EntryPoint","urlTemplate":"https:\/\/swift-fiber.com\/fr\/?s={search_term_string}"},"query-input":{"@type":"PropertyValueSpecification","valueRequired":true,"valueName":"search_term_string"}}],"inLanguage":"fr-FR"}]}},"_links":{"self":[{"href":"https:\/\/swift-fiber.com\/fr\/wp-json\/wp\/v2\/pages\/20929","targetHints":{"allow":["GET"]}}],"collection":[{"href":"https:\/\/swift-fiber.com\/fr\/wp-json\/wp\/v2\/pages"}],"about":[{"href":"https:\/\/swift-fiber.com\/fr\/wp-json\/wp\/v2\/types\/page"}],"author":[{"embeddable":true,"href":"https:\/\/swift-fiber.com\/fr\/wp-json\/wp\/v2\/users\/2"}],"replies":[{"embeddable":true,"href":"https:\/\/swift-fiber.com\/fr\/wp-json\/wp\/v2\/comments?post=20929"}],"version-history":[{"count":1,"href":"https:\/\/swift-fiber.com\/fr\/wp-json\/wp\/v2\/pages\/20929\/revisions"}],"predecessor-version":[{"id":20930,"href":"https:\/\/swift-fiber.com\/fr\/wp-json\/wp\/v2\/pages\/20929\/revisions\/20930"}],"wp:attachment":[{"href":"https:\/\/swift-fiber.com\/fr\/wp-json\/wp\/v2\/media?parent=20929"}],"curies":[{"name":"wp","href":"https:\/\/api.w.org\/{rel}","templated":true}]}}