{"id":15537,"date":"2019-06-12T12:02:25","date_gmt":"2019-06-12T12:02:25","guid":{"rendered":"https:\/\/swift-fiber.com\/sample-page\/"},"modified":"2024-11-20T11:35:16","modified_gmt":"2024-11-20T11:35:16","slug":"uber-uns","status":"publish","type":"page","link":"https:\/\/swift-fiber.com\/de\/uber-uns\/","title":{"rendered":"\u00dcber uns\u00a0"},"content":{"rendered":"\n<p><em><strong>SWIFT Fiber&nbsp; &#8211;  Intelligent mit Industrie-Fasertechnologie<\/strong><\/em><\/p>\n\n\n\n<p>Bei SWIFT Fiber konzentrieren wir uns auf das gesamte Spektrum industrieller Fasern \u2013 von Aramid bis Zylon\u00ae und von Polyester bis PTFE. Garne mit hoher Festigkeit, geringer Dehnung, Fasern, die auf Wasser schwimmen, hohen Temperaturen und Chemikalien widerstehen. Fasern, die in Meerwasser oder in Industrieabwasser weiterhin funktionieren. Fasern, die W\u00e4rme oder Elektrizit\u00e4t leiten, Sto\u00dffestigkeit besitzen oder nahezu keine Kriechneigung aufweisen. Weitere Details zu den Eigenschaften der einzelnen Fasern finden Sie in unserer <a href=\"https:\/\/swift-fiber.com\/wp-content\/uploads\/2020\/07\/Swift-Fiber_Technical-Yarn-table_v4.pdf\" target=\"_blank\" rel=\"noreferrer noopener\">technischen Garn\u00fcbersicht<\/a>. Jede Anwendung erfordert eine spezifische Faser \u2013 SWIFT Fiber passt sie Ihren Bed\u00fcrfnissen an.\u00a0<\/p>\n\n\n\n<p><br><em><strong>Wissen&nbsp;<\/strong><\/em><\/p>\n\n\n\n<p>Um im heutigen Markt zu \u00fcberleben, m\u00fcssen Sie schneller und intelligenter als Ihre Wettbewerber agieren. Sie k\u00f6nnen zwar viele Informationen im Internet finden, aber diese Informationen m\u00fcssen verdaut werden, bevor sie in Wissen umgewandelt werden. Alles dreht sich um Wissen; das Know-how, wo man jene Faser mit den richtigen Eigenschaften findet. SWIFT Fiber hat in den letzten zehn Jahren viele Entwicklungsprojekte durchlaufen, um diese Erfahrung zu sammeln. Erfahrung ist das Fundament, auf dem SWIFT Fiber aufgebaut ist, und wir scheuen uns nicht, unser Wissen zu teilen. Fordern Sie uns heraus.&nbsp;<\/p>\n\n\n\n<figure class=\"wp-block-gallery has-nested-images columns-default is-cropped wp-block-gallery-1 is-layout-flex wp-block-gallery-is-layout-flex\">\n<figure class=\"wp-block-image\"><img loading=\"lazy\" decoding=\"async\" width=\"684\" height=\"1024\" data-id=\"784\" src=\"https:\/\/swift-fiber.com\/wp-content\/uploads\/2020\/06\/MDF_7046-684x1024.jpg\" alt=\"\" class=\"wp-image-784\" srcset=\"https:\/\/swift-fiber.com\/wp-content\/uploads\/2020\/06\/MDF_7046-684x1024.jpg 684w, https:\/\/swift-fiber.com\/wp-content\/uploads\/2020\/06\/MDF_7046-200x300.jpg 200w, https:\/\/swift-fiber.com\/wp-content\/uploads\/2020\/06\/MDF_7046-768x1150.jpg 768w\" sizes=\"auto, (max-width: 684px) 100vw, 684px\" \/><\/figure>\n\n\n\n<figure class=\"wp-block-image\"><img loading=\"lazy\" decoding=\"async\" width=\"684\" height=\"1024\" data-id=\"787\" src=\"https:\/\/swift-fiber.com\/wp-content\/uploads\/2020\/06\/MDF_7021-684x1024.jpg\" alt=\"\" class=\"wp-image-787\" srcset=\"https:\/\/swift-fiber.com\/wp-content\/uploads\/2020\/06\/MDF_7021-684x1024.jpg 684w, https:\/\/swift-fiber.com\/wp-content\/uploads\/2020\/06\/MDF_7021-200x300.jpg 200w, https:\/\/swift-fiber.com\/wp-content\/uploads\/2020\/06\/MDF_7021-768x1150.jpg 768w\" sizes=\"auto, (max-width: 684px) 100vw, 684px\" \/><\/figure>\n\n\n\n<figure class=\"wp-block-image\"><img loading=\"lazy\" decoding=\"async\" width=\"684\" height=\"1024\" data-id=\"786\" src=\"https:\/\/swift-fiber.com\/wp-content\/uploads\/2020\/06\/MDF_7114-684x1024.jpg\" alt=\"\" class=\"wp-image-786\" srcset=\"https:\/\/swift-fiber.com\/wp-content\/uploads\/2020\/06\/MDF_7114-684x1024.jpg 684w, https:\/\/swift-fiber.com\/wp-content\/uploads\/2020\/06\/MDF_7114-200x300.jpg 200w, https:\/\/swift-fiber.com\/wp-content\/uploads\/2020\/06\/MDF_7114-768x1150.jpg 768w\" sizes=\"auto, (max-width: 684px) 100vw, 684px\" \/><\/figure>\n<\/figure>\n\n\n\n<p><br><em><strong>Ihre Herausforderungen&nbsp;<\/strong><\/em><\/p>\n\n\n\n<p>Das Gesch\u00e4ft mit Industriellen Fasern ist lebendig und hat Antworten auf viele heutige Herausforderungen. Von der CO<sub>2<\/sub>-Reduktion durch die Verringerung des Gewichts von Verbundwerkstoffen mit steiferen und leichteren Materialien, \u00fcber die Verbesserung der Sicherheit von Arbeitern durch bessere hitze- und feuerbest\u00e4ndige Kleidung oder besseren Schnittschutz durch robustere Garne. Reduzierung des Durchmessers von Kabeln und Senkung der ben\u00f6tigten Kunststoffe zur Ummantelung des Kabels durch Miniaturisierung der Zugtr\u00e4ger. Nur einige Ideen, um die Herausforderungen unserer Kunden zu meistern. Was ist Ihre Herausforderung?&nbsp;<\/p>\n\n\n\n<p><br><em><strong>Der SWIFT-Weg&nbsp;<\/strong><\/em><\/p>\n\n\n\n<p>Wissen, Produkte, Service \u2013 alles auf eine SWIFT-Art mit einem freundlichen Touch \u2013 das ist der Mehrwert von SWIFT Fiber. Wir bieten gerne einen Service mit schneller Reaktion auf Fragen, Anfragen und Bestellungen. Von der Verteilung und Lagerhaltung bis hin zur Lieferung von Mehrwert durch unsere Fasern und Garne. Funktionalisiert durch die Umwandlung der Garne mit Prozessen und Beschichtungen, geliefert in einem Paket, das sich so einfach wie m\u00f6glich in Ihren Prozess einf\u00fcgt \u2013 das ist auch der SWIFT-Weg. Reduzieren Sie die Handhabung und arbeiten Sie intelligenter als Ihre Konkurrenz. Vom Muster bis zur Gro\u00dfproduktion unterst\u00fctzt SWIFT Fiber Sie gerne bei Ihren Entwicklungen.&nbsp;<\/p>\n","protected":false},"excerpt":{"rendered":"<p>SWIFT Fiber&nbsp; &#8211; Intelligent mit Industrie-Fasertechnologie Bei SWIFT Fiber konzentrieren wir uns auf das gesamte Spektrum industrieller Fasern \u2013 von Aramid bis Zylon\u00ae und von Polyester bis PTFE. Garne mit hoher Festigkeit, geringer Dehnung, Fasern, die auf Wasser schwimmen, hohen Temperaturen und Chemikalien widerstehen. Fasern, die in Meerwasser oder in Industrieabwasser weiterhin funktionieren. Fasern, die [&hellip;]<\/p>\n","protected":false},"author":3,"featured_media":0,"parent":0,"menu_order":0,"comment_status":"closed","ping_status":"open","template":"","meta":{"_acf_changed":false,"footnotes":""},"class_list":["post-15537","page","type-page","status-publish","hentry"],"acf":[],"yoast_head":"<!-- This site is optimized with the Yoast SEO plugin v27.0 - https:\/\/yoast.com\/product\/yoast-seo-wordpress\/ -->\n<title>\u00dcber uns\u00a0 - Swift Fiber<\/title>\n<meta name=\"robots\" content=\"index, follow, max-snippet:-1, max-image-preview:large, max-video-preview:-1\" \/>\n<link rel=\"canonical\" href=\"https:\/\/swift-fiber.com\/de\/uber-uns\/\" \/>\n<meta property=\"og:locale\" content=\"de_DE\" \/>\n<meta property=\"og:type\" content=\"article\" \/>\n<meta property=\"og:title\" content=\"\u00dcber uns\u00a0 - Swift Fiber\" \/>\n<meta property=\"og:description\" content=\"SWIFT Fiber&nbsp; &#8211; Intelligent mit Industrie-Fasertechnologie Bei SWIFT Fiber konzentrieren wir uns auf das gesamte Spektrum industrieller Fasern \u2013 von Aramid bis Zylon\u00ae und von Polyester bis PTFE. Garne mit hoher Festigkeit, geringer Dehnung, Fasern, die auf Wasser schwimmen, hohen Temperaturen und Chemikalien widerstehen. Fasern, die in Meerwasser oder in Industrieabwasser weiterhin funktionieren. Fasern, die [&hellip;]\" \/>\n<meta property=\"og:url\" content=\"https:\/\/swift-fiber.com\/de\/uber-uns\/\" \/>\n<meta property=\"og:site_name\" content=\"Swift Fiber\" \/>\n<meta property=\"article:modified_time\" content=\"2024-11-20T11:35:16+00:00\" \/>\n<meta property=\"og:image\" content=\"https:\/\/swift-fiber.com\/wp-content\/uploads\/2020\/06\/MDF_7046.jpg\" \/>\n\t<meta property=\"og:image:width\" content=\"4016\" \/>\n\t<meta property=\"og:image:height\" content=\"6016\" \/>\n\t<meta property=\"og:image:type\" content=\"image\/jpeg\" \/>\n<meta name=\"twitter:card\" content=\"summary_large_image\" \/>\n<meta name=\"twitter:label1\" content=\"Gesch\u00e4tzte Lesezeit\" \/>\n\t<meta name=\"twitter:data1\" content=\"3\u00a0Minuten\" \/>\n<script type=\"application\/ld+json\" class=\"yoast-schema-graph\">{\"@context\":\"https:\/\/schema.org\",\"@graph\":[{\"@type\":\"WebPage\",\"@id\":\"https:\/\/swift-fiber.com\/de\/uber-uns\/\",\"url\":\"https:\/\/swift-fiber.com\/de\/uber-uns\/\",\"name\":\"\u00dcber uns\u00a0 - Swift Fiber\",\"isPartOf\":{\"@id\":\"https:\/\/swift-fiber.com\/de\/#website\"},\"primaryImageOfPage\":{\"@id\":\"https:\/\/swift-fiber.com\/de\/uber-uns\/#primaryimage\"},\"image\":{\"@id\":\"https:\/\/swift-fiber.com\/de\/uber-uns\/#primaryimage\"},\"thumbnailUrl\":\"https:\/\/swift-fiber.com\/wp-content\/uploads\/2020\/06\/MDF_7046-684x1024.jpg\",\"datePublished\":\"2019-06-12T12:02:25+00:00\",\"dateModified\":\"2024-11-20T11:35:16+00:00\",\"breadcrumb\":{\"@id\":\"https:\/\/swift-fiber.com\/de\/uber-uns\/#breadcrumb\"},\"inLanguage\":\"de\",\"potentialAction\":[{\"@type\":\"ReadAction\",\"target\":[\"https:\/\/swift-fiber.com\/de\/uber-uns\/\"]}]},{\"@type\":\"ImageObject\",\"inLanguage\":\"de\",\"@id\":\"https:\/\/swift-fiber.com\/de\/uber-uns\/#primaryimage\",\"url\":\"https:\/\/swift-fiber.com\/wp-content\/uploads\/2020\/06\/MDF_7046-684x1024.jpg\",\"contentUrl\":\"https:\/\/swift-fiber.com\/wp-content\/uploads\/2020\/06\/MDF_7046-684x1024.jpg\"},{\"@type\":\"BreadcrumbList\",\"@id\":\"https:\/\/swift-fiber.com\/de\/uber-uns\/#breadcrumb\",\"itemListElement\":[{\"@type\":\"ListItem\",\"position\":1,\"name\":\"Home\",\"item\":\"https:\/\/swift-fiber.com\/de\/\"},{\"@type\":\"ListItem\",\"position\":2,\"name\":\"\u00dcber uns\u00a0\"}]},{\"@type\":\"WebSite\",\"@id\":\"https:\/\/swift-fiber.com\/de\/#website\",\"url\":\"https:\/\/swift-fiber.com\/de\/\",\"name\":\"Swift Fiber\",\"description\":\"Smart With Industrial Fiber Technology\",\"potentialAction\":[{\"@type\":\"SearchAction\",\"target\":{\"@type\":\"EntryPoint\",\"urlTemplate\":\"https:\/\/swift-fiber.com\/de\/?s={search_term_string}\"},\"query-input\":{\"@type\":\"PropertyValueSpecification\",\"valueRequired\":true,\"valueName\":\"search_term_string\"}}],\"inLanguage\":\"de\"}]}<\/script>\n<!-- \/ Yoast SEO plugin. -->","yoast_head_json":{"title":"\u00dcber uns\u00a0 - Swift Fiber","robots":{"index":"index","follow":"follow","max-snippet":"max-snippet:-1","max-image-preview":"max-image-preview:large","max-video-preview":"max-video-preview:-1"},"canonical":"https:\/\/swift-fiber.com\/de\/uber-uns\/","og_locale":"de_DE","og_type":"article","og_title":"\u00dcber uns\u00a0 - Swift Fiber","og_description":"SWIFT Fiber&nbsp; &#8211; Intelligent mit Industrie-Fasertechnologie Bei SWIFT Fiber konzentrieren wir uns auf das gesamte Spektrum industrieller Fasern \u2013 von Aramid bis Zylon\u00ae und von Polyester bis PTFE. Garne mit hoher Festigkeit, geringer Dehnung, Fasern, die auf Wasser schwimmen, hohen Temperaturen und Chemikalien widerstehen. Fasern, die in Meerwasser oder in Industrieabwasser weiterhin funktionieren. Fasern, die [&hellip;]","og_url":"https:\/\/swift-fiber.com\/de\/uber-uns\/","og_site_name":"Swift Fiber","article_modified_time":"2024-11-20T11:35:16+00:00","og_image":[{"width":4016,"height":6016,"url":"https:\/\/swift-fiber.com\/wp-content\/uploads\/2020\/06\/MDF_7046.jpg","type":"image\/jpeg"}],"twitter_card":"summary_large_image","twitter_misc":{"Gesch\u00e4tzte Lesezeit":"3\u00a0Minuten"},"schema":{"@context":"https:\/\/schema.org","@graph":[{"@type":"WebPage","@id":"https:\/\/swift-fiber.com\/de\/uber-uns\/","url":"https:\/\/swift-fiber.com\/de\/uber-uns\/","name":"\u00dcber uns\u00a0 - Swift Fiber","isPartOf":{"@id":"https:\/\/swift-fiber.com\/de\/#website"},"primaryImageOfPage":{"@id":"https:\/\/swift-fiber.com\/de\/uber-uns\/#primaryimage"},"image":{"@id":"https:\/\/swift-fiber.com\/de\/uber-uns\/#primaryimage"},"thumbnailUrl":"https:\/\/swift-fiber.com\/wp-content\/uploads\/2020\/06\/MDF_7046-684x1024.jpg","datePublished":"2019-06-12T12:02:25+00:00","dateModified":"2024-11-20T11:35:16+00:00","breadcrumb":{"@id":"https:\/\/swift-fiber.com\/de\/uber-uns\/#breadcrumb"},"inLanguage":"de","potentialAction":[{"@type":"ReadAction","target":["https:\/\/swift-fiber.com\/de\/uber-uns\/"]}]},{"@type":"ImageObject","inLanguage":"de","@id":"https:\/\/swift-fiber.com\/de\/uber-uns\/#primaryimage","url":"https:\/\/swift-fiber.com\/wp-content\/uploads\/2020\/06\/MDF_7046-684x1024.jpg","contentUrl":"https:\/\/swift-fiber.com\/wp-content\/uploads\/2020\/06\/MDF_7046-684x1024.jpg"},{"@type":"BreadcrumbList","@id":"https:\/\/swift-fiber.com\/de\/uber-uns\/#breadcrumb","itemListElement":[{"@type":"ListItem","position":1,"name":"Home","item":"https:\/\/swift-fiber.com\/de\/"},{"@type":"ListItem","position":2,"name":"\u00dcber uns\u00a0"}]},{"@type":"WebSite","@id":"https:\/\/swift-fiber.com\/de\/#website","url":"https:\/\/swift-fiber.com\/de\/","name":"Swift Fiber","description":"Smart With Industrial Fiber Technology","potentialAction":[{"@type":"SearchAction","target":{"@type":"EntryPoint","urlTemplate":"https:\/\/swift-fiber.com\/de\/?s={search_term_string}"},"query-input":{"@type":"PropertyValueSpecification","valueRequired":true,"valueName":"search_term_string"}}],"inLanguage":"de"}]}},"_links":{"self":[{"href":"https:\/\/swift-fiber.com\/de\/wp-json\/wp\/v2\/pages\/15537","targetHints":{"allow":["GET"]}}],"collection":[{"href":"https:\/\/swift-fiber.com\/de\/wp-json\/wp\/v2\/pages"}],"about":[{"href":"https:\/\/swift-fiber.com\/de\/wp-json\/wp\/v2\/types\/page"}],"author":[{"embeddable":true,"href":"https:\/\/swift-fiber.com\/de\/wp-json\/wp\/v2\/users\/3"}],"replies":[{"embeddable":true,"href":"https:\/\/swift-fiber.com\/de\/wp-json\/wp\/v2\/comments?post=15537"}],"version-history":[{"count":4,"href":"https:\/\/swift-fiber.com\/de\/wp-json\/wp\/v2\/pages\/15537\/revisions"}],"predecessor-version":[{"id":15802,"href":"https:\/\/swift-fiber.com\/de\/wp-json\/wp\/v2\/pages\/15537\/revisions\/15802"}],"wp:attachment":[{"href":"https:\/\/swift-fiber.com\/de\/wp-json\/wp\/v2\/media?parent=15537"}],"curies":[{"name":"wp","href":"https:\/\/api.w.org\/{rel}","templated":true}]}}